{"id":739,"date":"2013-04-29T03:21:00","date_gmt":"2013-04-29T03:21:00","guid":{"rendered":"http:\/\/glizzart.dk\/NY\/?page_id=739"},"modified":"2023-02-14T15:15:40","modified_gmt":"2023-02-14T15:15:40","slug":"udstillinger","status":"publish","type":"page","link":"https:\/\/glizzart.dk\/NY\/udstillinger\/","title":{"rendered":"<div style=\"text-align: center\">UDSTILLINGER<\/div>"},"content":{"rendered":"<p>Glizzart udstiller j\u00e6vnligt p\u00e5 virksomheder, offentlige kontorer, kunstforeninger, biblioteker mm. Glizzart har desuden fast plads i Den Gamle By i \u00c5rhus i forbindelse med h\u00f8jtider, temadage mm. Er du interesseret i en udstilling af af unik glaskunst, s\u00e5 kontakt mig.<\/p>\n<p style=\"text-align: center;\">UDSMYKNINGER<\/p>\n<p>Flere institutioner og virksomheder v\u00e6lger at bestille et unikt kunstv\u00e6rk, og det g\u00f8r de bl.a hos Glizzart. I kan f\u00e5 det tilrettet, s\u00e5 det passer jer, og i hele processen med at udvikle det rette udtryk, er vi i t\u00e6t dialog.<\/p>\n","protected":false},"excerpt":{"rendered":"<p>Glizzart udstiller j\u00e6vnligt p\u00e5 virksomheder, offentlige kontorer, kunstforeninger, biblioteker mm. Glizzart har desuden fast plads i Den Gamle By i \u00c5rhus i forbindelse med h\u00f8jtider, temadage mm. Er du interesseret i en udstilling af af unik glaskunst, s\u00e5 kontakt mig. UDSMYKNINGER Flere institutioner og virksomheder v\u00e6lger at bestille et unikt kunstv\u00e6rk, og det g\u00f8r de [&#8230;]<\/p>\n","protected":false},"author":1,"featured_media":0,"parent":0,"menu_order":0,"comment_status":"open","ping_status":"open","template":"","meta":{"ngg_post_thumbnail":0},"_links":{"self":[{"href":"https:\/\/glizzart.dk\/NY\/wp-json\/wp\/v2\/pages\/739"}],"collection":[{"href":"https:\/\/glizzart.dk\/NY\/wp-json\/wp\/v2\/pages"}],"about":[{"href":"https:\/\/glizzart.dk\/NY\/wp-json\/wp\/v2\/types\/page"}],"author":[{"embeddable":true,"href":"https:\/\/glizzart.dk\/NY\/wp-json\/wp\/v2\/users\/1"}],"replies":[{"embeddable":true,"href":"https:\/\/glizzart.dk\/NY\/wp-json\/wp\/v2\/comments?post=739"}],"version-history":[{"count":1,"href":"https:\/\/glizzart.dk\/NY\/wp-json\/wp\/v2\/pages\/739\/revisions"}],"predecessor-version":[{"id":3420,"href":"https:\/\/glizzart.dk\/NY\/wp-json\/wp\/v2\/pages\/739\/revisions\/3420"}],"wp:attachment":[{"href":"https:\/\/glizzart.dk\/NY\/wp-json\/wp\/v2\/media?parent=739"}],"curies":[{"name":"wp","href":"https:\/\/api.w.org\/{rel}","templated":true}]}}