{"id":281,"date":"2013-04-14T13:34:15","date_gmt":"2013-04-14T13:34:15","guid":{"rendered":"http:\/\/glizzart.dk\/NY\/?page_id=281"},"modified":"2023-02-14T15:16:04","modified_gmt":"2023-02-14T15:16:04","slug":"kontakt","status":"publish","type":"page","link":"https:\/\/glizzart.dk\/NY\/kontakt\/","title":{"rendered":"<div style=\"text-align: center\">Kontakt<\/div>"},"content":{"rendered":"<p><a href=\"http:\/\/glizzart.dk\/NY\/wp-content\/uploads\/2013\/04\/Lizzie_portraet2.jpg\"><img decoding=\"async\" loading=\"lazy\" class=\"size-medium wp-image-1040 alignleft\" src=\"http:\/\/glizzart.dk\/NY\/wp-content\/uploads\/2013\/04\/Lizzie_portraet2-300x203.jpg\" alt=\"Lizzie_portraet2\" width=\"300\" height=\"203\" srcset=\"https:\/\/glizzart.dk\/NY\/wp-content\/uploads\/2013\/04\/Lizzie_portraet2-300x203.jpg 300w, https:\/\/glizzart.dk\/NY\/wp-content\/uploads\/2013\/04\/Lizzie_portraet2-1024x693.jpg 1024w, https:\/\/glizzart.dk\/NY\/wp-content\/uploads\/2013\/04\/Lizzie_portraet2.jpg 546w\" sizes=\"(max-width: 300px) 100vw, 300px\" \/><\/a>Kontakt\/bes\u00f8g Glizzart:<br \/>\nLizzie Duedal Rasmussen<br \/>\nStorringvej 10, Lillering<br \/>\n8462 Harlev<br \/>\nTlf. &nbsp;28 10 96 00<br \/>\nEmail: <a href=\"mailto:lizzie@glizzart.dk\">lizzie@glizzart.dk<\/a><\/p>\n<p>V\u00e6rkstedet ligger i Lillering, en k\u00f8n lille landsby, 15 kilometer vest for \u00c5rhus. Det ligger t\u00e6t ved landevejen mellem Silkeborg og \u00c5rhus.<br \/>\nF\u00f8rst k\u00f8rer du til Harlev (motorvejsafk\u00f8rsel 21), til venstre i rundk\u00f8rslen, ved Statoil k\u00f8rer du til h\u00f8jre i rundk\u00f8rslen, og f\u00f8lger skiltet mod Lillering, gennem rundk\u00f8rslen og til venstre ad Lilleringvej. Bare k\u00f8r lige ud, og du n\u00e5r til Lillering. Her skifter vejen navn til Storringvej, og Glizzart ligger midt i Lillering p\u00e5 h\u00f8jre side, n\u00e5r du kommer fra Harlev.<\/p>\n<p>Hvis du kommer vest fra ad motorvejen, k\u00f8rer du fra ved Galten (afk\u00f8rsel 23), f\u00f8lger vejen mod Storring, k\u00f8rer gennem byen og forts\u00e6tter ligeud et par kilometer, og du kommer til Lillering.<br \/>\n<a href=\"http:\/\/www.degulesider.dk\/mapalocation.ds?newSearch=true&amp;where=address%3dStorringvej+10_-_city%3dHarlev+J_-_citySection1%3dLillering_-_municipality%3d%C3%85rhus_-_county%3dMidtjylland_-_postalCode%3d8462_-_country%3dDNK_-_latitude%3d56.147438_-_longitude%3d9.976935_-_precision%3dADDRESS&amp;tab=location&amp;countrySearch=\"> K\u00f8rselsvejledning<\/a><\/p>\n","protected":false},"excerpt":{"rendered":"<p><a href=\"http:\/\/glizzart.dk\/NY\/wp-content\/uploads\/2013\/04\/Lizzie_portraet2.jpg\"><\/a>Kontakt\/bes\u00f8g Glizzart: Lizzie Duedal Rasmussen Storringvej 10, Lillering 8462 Harlev Tlf. &nbsp;28 10 96 00 Email: <a href=\"mailto:lizzie@glizzart.dk\">lizzie@glizzart.dk<\/a> V\u00e6rkstedet ligger i Lillering, en k\u00f8n lille landsby, 15 kilometer vest for \u00c5rhus. Det ligger t\u00e6t ved landevejen mellem Silkeborg og \u00c5rhus. F\u00f8rst k\u00f8rer du til Harlev (motorvejsafk\u00f8rsel 21), til venstre i rundk\u00f8rslen, ved Statoil k\u00f8rer [&#8230;]<\/p>\n","protected":false},"author":1,"featured_media":0,"parent":0,"menu_order":0,"comment_status":"open","ping_status":"open","template":"","meta":{"ngg_post_thumbnail":0},"_links":{"self":[{"href":"https:\/\/glizzart.dk\/NY\/wp-json\/wp\/v2\/pages\/281"}],"collection":[{"href":"https:\/\/glizzart.dk\/NY\/wp-json\/wp\/v2\/pages"}],"about":[{"href":"https:\/\/glizzart.dk\/NY\/wp-json\/wp\/v2\/types\/page"}],"author":[{"embeddable":true,"href":"https:\/\/glizzart.dk\/NY\/wp-json\/wp\/v2\/users\/1"}],"replies":[{"embeddable":true,"href":"https:\/\/glizzart.dk\/NY\/wp-json\/wp\/v2\/comments?post=281"}],"version-history":[{"count":1,"href":"https:\/\/glizzart.dk\/NY\/wp-json\/wp\/v2\/pages\/281\/revisions"}],"predecessor-version":[{"id":3417,"href":"https:\/\/glizzart.dk\/NY\/wp-json\/wp\/v2\/pages\/281\/revisions\/3417"}],"wp:attachment":[{"href":"https:\/\/glizzart.dk\/NY\/wp-json\/wp\/v2\/media?parent=281"}],"curies":[{"name":"wp","href":"https:\/\/api.w.org\/{rel}","templated":true}]}}