{"id":278,"date":"2013-04-14T13:31:01","date_gmt":"2013-04-14T13:31:01","guid":{"rendered":"http:\/\/glizzart.dk\/NY\/?page_id=278"},"modified":"2023-02-14T15:15:06","modified_gmt":"2023-02-14T15:15:06","slug":"laer-at-lave-glaskunst","status":"publish","type":"page","link":"https:\/\/glizzart.dk\/NY\/laer-at-lave-glaskunst\/","title":{"rendered":"<div style=\"text-align: center\">L\u00e6r glaskunst<\/div>"},"content":{"rendered":"<p>&gt;Er I en lille flok veninder, arbejdskolleger, voksne og b\u00f8rn eller andre, som har lyst til at lave nogle ting i glas?<br \/>\n&gt;Har I lyst til at holde en del af en f\u00f8dselsdag med glasformning, og det kan jo v\u00e6re b\u00e5de for store og sm\u00e5?<br \/>\n&gt;Eller skal I pr\u00f8ve noget andet p\u00e5 bl\u00e5 mandag?<\/p>\n<p>&gt;&gt;&gt;&gt;&gt;<strong>S\u00e5 har I mulighed for det her i Lillering<\/strong>&lt;&lt;&lt;&lt;&lt;&lt;<\/p>\n<p>Om I vil lave et f\u00e6llesprojekt, f.eks. et oph\u00e6ng, eller et fad, eller om I vil arbejde individuelt er op til jer. I kan n\u00f8jes med en enkel ting, hvis I bare lige vil pr\u00f8ve eller I kan s\u00e6tte nogle timer af til det, hvis I vil l\u00e6re lidt mere om glas. Hvis I ringer eller skriver til mig, kan vi pr\u00f8ve at f\u00e5 lavet et arrangement , som passer til jer.<br \/>\nI har mulighed for at tage spise og drikke med, hvis I gerne vil lave en udflugt ud af det. Eller I kan lade mig st\u00e5 for forplejningen.<\/p>\n","protected":false},"excerpt":{"rendered":"<p>&gt;Er I en lille flok veninder, arbejdskolleger, voksne og b\u00f8rn eller andre, som har lyst til at lave nogle ting i glas? &gt;Har I lyst til at holde en del af en f\u00f8dselsdag med glasformning, og det kan jo v\u00e6re b\u00e5de for store og sm\u00e5? &gt;Eller skal I pr\u00f8ve noget andet p\u00e5 bl\u00e5 mandag? &gt;&gt;&gt;&gt;&gt;S\u00e5 [&#8230;]<\/p>\n","protected":false},"author":1,"featured_media":0,"parent":0,"menu_order":0,"comment_status":"open","ping_status":"open","template":"","meta":{"ngg_post_thumbnail":0},"_links":{"self":[{"href":"https:\/\/glizzart.dk\/NY\/wp-json\/wp\/v2\/pages\/278"}],"collection":[{"href":"https:\/\/glizzart.dk\/NY\/wp-json\/wp\/v2\/pages"}],"about":[{"href":"https:\/\/glizzart.dk\/NY\/wp-json\/wp\/v2\/types\/page"}],"author":[{"embeddable":true,"href":"https:\/\/glizzart.dk\/NY\/wp-json\/wp\/v2\/users\/1"}],"replies":[{"embeddable":true,"href":"https:\/\/glizzart.dk\/NY\/wp-json\/wp\/v2\/comments?post=278"}],"version-history":[{"count":1,"href":"https:\/\/glizzart.dk\/NY\/wp-json\/wp\/v2\/pages\/278\/revisions"}],"predecessor-version":[{"id":3427,"href":"https:\/\/glizzart.dk\/NY\/wp-json\/wp\/v2\/pages\/278\/revisions\/3427"}],"wp:attachment":[{"href":"https:\/\/glizzart.dk\/NY\/wp-json\/wp\/v2\/media?parent=278"}],"curies":[{"name":"wp","href":"https:\/\/api.w.org\/{rel}","templated":true}]}}