{"id":275,"date":"2013-04-14T13:24:46","date_gmt":"2013-04-14T13:24:46","guid":{"rendered":"http:\/\/glizzart.dk\/NY\/?page_id=275"},"modified":"2023-02-14T15:14:37","modified_gmt":"2023-02-14T15:14:37","slug":"fa-mere-teamspirit","status":"publish","type":"page","link":"https:\/\/glizzart.dk\/NY\/fa-mere-teamspirit\/","title":{"rendered":"<div style=\"text-align: center\">F\u00e5 teamspirit<\/div>"},"content":{"rendered":"<p>Flere firmaer, virksomheder, institutioner og arbejdspladser er begyndt at henvende sig til Glizzart for sammen i afdelingen, i team&#8217;et at lave noget kreativt sammen. Det kr\u00e6ver samarbejde og dialog at lave et stykke glaskunst sammen, og det er lige fra glasfade til v\u00e6gkunst.<\/p>\n<p>Glizzart kan tage jer som samlet personalegruppe eller som flere afdelinger fra firmaet, hvor hver enkelt afdeling skal lave sin del til et f\u00e6lles kunstv\u00e6rk, der skal pynte v\u00e6ggene i firmaet. Ring og h\u00f8r n\u00e6rmere, hvis det har din interesse, eller hvis du synes, at det er lige noget for dig og dine kolleger \ud83d\ude42<\/p>\n","protected":false},"excerpt":{"rendered":"<p>Flere firmaer, virksomheder, institutioner og arbejdspladser er begyndt at henvende sig til Glizzart for sammen i afdelingen, i team&#8217;et at lave noget kreativt sammen. Det kr\u00e6ver samarbejde og dialog at lave et stykke glaskunst sammen, og det er lige fra glasfade til v\u00e6gkunst. Glizzart kan tage jer som samlet personalegruppe eller som flere afdelinger fra [&#8230;]<\/p>\n","protected":false},"author":1,"featured_media":0,"parent":0,"menu_order":0,"comment_status":"open","ping_status":"open","template":"","meta":{"ngg_post_thumbnail":0},"_links":{"self":[{"href":"https:\/\/glizzart.dk\/NY\/wp-json\/wp\/v2\/pages\/275"}],"collection":[{"href":"https:\/\/glizzart.dk\/NY\/wp-json\/wp\/v2\/pages"}],"about":[{"href":"https:\/\/glizzart.dk\/NY\/wp-json\/wp\/v2\/types\/page"}],"author":[{"embeddable":true,"href":"https:\/\/glizzart.dk\/NY\/wp-json\/wp\/v2\/users\/1"}],"replies":[{"embeddable":true,"href":"https:\/\/glizzart.dk\/NY\/wp-json\/wp\/v2\/comments?post=275"}],"version-history":[{"count":1,"href":"https:\/\/glizzart.dk\/NY\/wp-json\/wp\/v2\/pages\/275\/revisions"}],"predecessor-version":[{"id":3448,"href":"https:\/\/glizzart.dk\/NY\/wp-json\/wp\/v2\/pages\/275\/revisions\/3448"}],"wp:attachment":[{"href":"https:\/\/glizzart.dk\/NY\/wp-json\/wp\/v2\/media?parent=275"}],"curies":[{"name":"wp","href":"https:\/\/api.w.org\/{rel}","templated":true}]}}