{"id":259,"date":"2013-04-14T13:00:33","date_gmt":"2013-04-14T13:00:33","guid":{"rendered":"http:\/\/glizzart.dk\/NY\/?page_id=259"},"modified":"2026-03-30T12:32:40","modified_gmt":"2026-03-30T12:32:40","slug":"unik-polterabend","status":"publish","type":"page","link":"https:\/\/glizzart.dk\/NY\/unik-polterabend\/","title":{"rendered":"<div style=\"text-align: center\">UNIK Polterabend<\/div>"},"content":{"rendered":"<p>Giv et unikt minde til bruden. Flere og flere v\u00e6lger at lave noget kreativt og aktivt p\u00e5 en polterabend. Her hos mig kommer et stigende antal kvinder for at lave et unikt fad til deres veninde, der skal giftes. Den kommende brud er selvf\u00f8lgelig ogs\u00e5 med, og sammen hygger de sig et par timer her i v\u00e6rkstedet, hvor ideer og indfald ser dagens lys. Hver is\u00e6r laver deltagerne en firkant til fadet, og oplevelsen af at lave noget sammen er ofte ledsaget af h\u00f8jt hum\u00f8r, grin og spas.<br \/>\nEfterf\u00f8lgende br\u00e6nder og former jeg det i ovnen, og bruden kan s\u00e5 f\u00e5 gaven overrakt til brylluppet. En meget personlig hilsen fra alle veninderne, som giver en helt unik bryllupsgave.<\/p>\n<p>Grundpris er 1.800 kr. inklusiv materialer for deltagelse af op til 9 personer. Ekstra deltagere koster 100 kr. pr. person<\/p>\n<p><a href=\"http:\/\/glizzart.dk\/images\/Glasklar%20polterabend.pdf\">L\u00e6s reportage fra Politiken:&nbsp;&#8220;Glasklar Polterabend&#8221;<\/a>&nbsp; &nbsp; &nbsp; <a href=\"http:\/\/polterabend.dk\/aktivitet\/glaskunst-2\/\" target=\"_blank\" rel=\"noopener\">Se ogs\u00e5 min omtale p\u00e5 Polterabend.dk<\/a><\/p>\n<p>Se videoer fra Glizzart polterabends her (I alt 3 videoer, tryk p\u00e5 playliste for at v\u00e6lge video):<\/p>\n<p><iframe loading=\"lazy\" src=\"\/\/www.youtube.com\/embed\/videoseries?list=PLBH5ZYOXwsGQJ6hfosXx0cQrgpRUeGrLG\" width=\"560\" height=\"315\" frameborder=\"0\" allowfullscreen=\"allowfullscreen\"><\/iframe><\/p>\n<p>Se eksempler p\u00e5 polterabend stemning og fade lige her:<\/p>\n","protected":false},"excerpt":{"rendered":"<p>Giv et unikt minde til bruden. Flere og flere v\u00e6lger at lave noget kreativt og aktivt p\u00e5 en polterabend. Her hos mig kommer et stigende antal kvinder for at lave et unikt fad til deres veninde, der skal giftes. Den kommende brud er selvf\u00f8lgelig ogs\u00e5 med, og sammen hygger de sig et par timer her [&#8230;]<\/p>\n","protected":false},"author":1,"featured_media":0,"parent":0,"menu_order":0,"comment_status":"open","ping_status":"open","template":"","meta":{"ngg_post_thumbnail":0},"_links":{"self":[{"href":"https:\/\/glizzart.dk\/NY\/wp-json\/wp\/v2\/pages\/259"}],"collection":[{"href":"https:\/\/glizzart.dk\/NY\/wp-json\/wp\/v2\/pages"}],"about":[{"href":"https:\/\/glizzart.dk\/NY\/wp-json\/wp\/v2\/types\/page"}],"author":[{"embeddable":true,"href":"https:\/\/glizzart.dk\/NY\/wp-json\/wp\/v2\/users\/1"}],"replies":[{"embeddable":true,"href":"https:\/\/glizzart.dk\/NY\/wp-json\/wp\/v2\/comments?post=259"}],"version-history":[{"count":4,"href":"https:\/\/glizzart.dk\/NY\/wp-json\/wp\/v2\/pages\/259\/revisions"}],"predecessor-version":[{"id":3470,"href":"https:\/\/glizzart.dk\/NY\/wp-json\/wp\/v2\/pages\/259\/revisions\/3470"}],"wp:attachment":[{"href":"https:\/\/glizzart.dk\/NY\/wp-json\/wp\/v2\/media?parent=259"}],"curies":[{"name":"wp","href":"https:\/\/api.w.org\/{rel}","templated":true}]}}