{"id":258,"date":"2013-04-14T13:00:00","date_gmt":"2013-04-14T13:00:00","guid":{"rendered":"http:\/\/glizzart.dk\/NY\/?page_id=258"},"modified":"2023-02-14T15:12:59","modified_gmt":"2023-02-14T15:12:59","slug":"mit-vaerksted","status":"publish","type":"page","link":"https:\/\/glizzart.dk\/NY\/mit-vaerksted\/","title":{"rendered":"<div style=\"text-align: center\">Mit v\u00e6rksted<\/div>"},"content":{"rendered":"<p>I ovnens og glassets lys&#8230;&#8230;..Her er mit v\u00e6rksted, min hule, min oase, hvor jeg arbejder med glas. Kom endelig forbi, hvis du vil se, hvad jeg laver, vil k\u00f8be, eller hvis du f.eks. er med til at lave en event, hvor I ogs\u00e5 skal pr\u00f8ve at lave glas. Her vil I i f\u00e6llesskab kunne lave et varigt minde og snuse til kunsten at lave glas. Og nyde de flotte rammer under \u00e6bletr\u00e6et i g\u00e5rden. Og en kop kaffe byder jeg altid p\u00e5&#8230;..<\/p>\n","protected":false},"excerpt":{"rendered":"<p>I ovnens og glassets lys&#8230;&#8230;..Her er mit v\u00e6rksted, min hule, min oase, hvor jeg arbejder med glas. Kom endelig forbi, hvis du vil se, hvad jeg laver, vil k\u00f8be, eller hvis du f.eks. er med til at lave en event, hvor I ogs\u00e5 skal pr\u00f8ve at lave glas. Her vil I i f\u00e6llesskab kunne lave [&#8230;]<\/p>\n","protected":false},"author":1,"featured_media":0,"parent":0,"menu_order":0,"comment_status":"open","ping_status":"open","template":"","meta":{"ngg_post_thumbnail":0},"_links":{"self":[{"href":"https:\/\/glizzart.dk\/NY\/wp-json\/wp\/v2\/pages\/258"}],"collection":[{"href":"https:\/\/glizzart.dk\/NY\/wp-json\/wp\/v2\/pages"}],"about":[{"href":"https:\/\/glizzart.dk\/NY\/wp-json\/wp\/v2\/types\/page"}],"author":[{"embeddable":true,"href":"https:\/\/glizzart.dk\/NY\/wp-json\/wp\/v2\/users\/1"}],"replies":[{"embeddable":true,"href":"https:\/\/glizzart.dk\/NY\/wp-json\/wp\/v2\/comments?post=258"}],"version-history":[{"count":1,"href":"https:\/\/glizzart.dk\/NY\/wp-json\/wp\/v2\/pages\/258\/revisions"}],"predecessor-version":[{"id":3443,"href":"https:\/\/glizzart.dk\/NY\/wp-json\/wp\/v2\/pages\/258\/revisions\/3443"}],"wp:attachment":[{"href":"https:\/\/glizzart.dk\/NY\/wp-json\/wp\/v2\/media?parent=258"}],"curies":[{"name":"wp","href":"https:\/\/api.w.org\/{rel}","templated":true}]}}