{"id":2,"date":"2013-04-04T09:06:24","date_gmt":"2013-04-04T09:06:24","guid":{"rendered":"http:\/\/glizzart.dk\/NY\/?page_id=2"},"modified":"2023-02-19T14:35:46","modified_gmt":"2023-02-19T14:35:46","slug":"eksempel-side","status":"publish","type":"page","link":"https:\/\/glizzart.dk\/NY\/","title":{"rendered":"<div style=\"text-align: center\">Glizzart glaskunst<\/div>"},"content":{"rendered":"<p style=\"text-align: justify;\">Glizzart er et glasv\u00e6rksted i landsbyen Lillering, hvor forskellige former for glaskunst kan ses, f\u00f8les, m\u00e6rkes og k\u00f8bes. Bag v\u00e6rkstedet st\u00e5r Lizzie Duedal Rasmussen, der har besk\u00e6ftiget sig med glas i mange \u00e5r. B\u00e5de som en del af glasfirmaet Anla Glas i Silkeborg og som indehaver af Glizzart. Her kan du ogs\u00e5 l\u00e6re om glaskunst.<\/p>\n<p style=\"text-align: left;\">&gt;Polterabends er desuden en s\u00e6rdeles popul\u00e6r aktivitet, og flere hundrede polterabends har gennem \u00e5rene valgt at l\u00e6gge en dejlig aktivitet her &#8211; med et unikt minde til bruden og brudeparret til f\u00f8lge. Den samme aktivitet laver jeg med familier og firmaer, der har lyst til en dejlig og udviklende eftermiddag i glassets lys. Kontakt mig, eller kom p\u00e5 bes\u00f8g i v\u00e6rkstedet, hvis du har specielle ideer og \u00f8nsker.<\/p>\n<p style=\"text-align: left;\">Du kan ogs\u00e5 finde unikke gaver og glasting her p\u00e5 min website. Klik dig omkring \ud83d\ude09<\/p>\n","protected":false},"excerpt":{"rendered":"<p>Glizzart er et glasv\u00e6rksted i landsbyen Lillering, hvor forskellige former for glaskunst kan ses, f\u00f8les, m\u00e6rkes og k\u00f8bes. Bag v\u00e6rkstedet st\u00e5r Lizzie Duedal Rasmussen, der har besk\u00e6ftiget sig med glas i mange \u00e5r. B\u00e5de som en del af glasfirmaet Anla Glas i Silkeborg og som indehaver af Glizzart. Her kan du ogs\u00e5 l\u00e6re om glaskunst. [&#8230;]<\/p>\n","protected":false},"author":1,"featured_media":73,"parent":0,"menu_order":0,"comment_status":"open","ping_status":"open","template":"","meta":{"ngg_post_thumbnail":0},"_links":{"self":[{"href":"https:\/\/glizzart.dk\/NY\/wp-json\/wp\/v2\/pages\/2"}],"collection":[{"href":"https:\/\/glizzart.dk\/NY\/wp-json\/wp\/v2\/pages"}],"about":[{"href":"https:\/\/glizzart.dk\/NY\/wp-json\/wp\/v2\/types\/page"}],"author":[{"embeddable":true,"href":"https:\/\/glizzart.dk\/NY\/wp-json\/wp\/v2\/users\/1"}],"replies":[{"embeddable":true,"href":"https:\/\/glizzart.dk\/NY\/wp-json\/wp\/v2\/comments?post=2"}],"version-history":[{"count":4,"href":"https:\/\/glizzart.dk\/NY\/wp-json\/wp\/v2\/pages\/2\/revisions"}],"predecessor-version":[{"id":3466,"href":"https:\/\/glizzart.dk\/NY\/wp-json\/wp\/v2\/pages\/2\/revisions\/3466"}],"wp:featuredmedia":[{"embeddable":true,"href":"https:\/\/glizzart.dk\/NY\/wp-json\/wp\/v2\/media\/73"}],"wp:attachment":[{"href":"https:\/\/glizzart.dk\/NY\/wp-json\/wp\/v2\/media?parent=2"}],"curies":[{"name":"wp","href":"https:\/\/api.w.org\/{rel}","templated":true}]}}